{"id":2947,"date":"2021-02-20T22:29:59","date_gmt":"2021-02-20T21:29:59","guid":{"rendered":"http:\/\/dev.kapualove.com\/?post_type=product&#038;p=2947"},"modified":"2023-09-14T09:53:57","modified_gmt":"2023-09-14T07:53:57","slug":"limas-plus-mutterliebe-holdon","status":"publish","type":"product","link":"https:\/\/www.kapualove.com\/en\/shop\/limas-plus-mutterliebe-holdon\/","title":{"rendered":"LIMAS Plus | Hold On"},"content":{"rendered":"<p>&#8211; Herausnehmbare Schulterpolster. Diese sind im Lieferumfang enthalten.<br \/>\n&#8211; 100% Baumwolle (kbA)<br \/>\n&#8211; Jacquardwebung<br \/>\n&#8211; Fl\u00e4chengewicht: 290 g\/m2<br \/>\n&#8211; Ab Gr\u00f6\u00dfe 56\/62 bis 104 (4kg bis 18kg)<br \/>\n&#8211; Korrekte Anhock-Spreiz-Haltung<br \/>\n&#8211; Vor dem Bauch und auf dem R\u00fccken tragen<br \/>\n&#8211; W\u00e4chst stufenlos mit<br \/>\n&#8211; Der H\u00fcftgurt kann von 60cm bis 140cm eingestellt werden<br \/>\n&#8211; An den Schultern gepolsterte Tr\u00e4ger, die nach der Polsterung komplett aufgef\u00e4chert werden k\u00f6nnen<br \/>\n&#8211; Breiter, ergonomisch geformter H\u00fcftgurt<\/p>\n<p>Die LIMAS Plus Babytrage ist eine Kombination zwischen Tragetuch und Komforttrage. Sie ist komplett aus Bio-Tragetuchstoff gen\u00e4ht und schmiegt sich deshalb besonders sch\u00f6n an Dein Baby und Dich an. Dank verstellbarem Steg kann sie immer genau an die individuellen Proportionen Deines Babys angepasst werden. So gew\u00e4hrleistet die LIMAS Plus eine ergonomische und bequeme Sitzhaltung f\u00fcr Dein Baby \u2013 durchgehend bis ins Kleinkindalter. Wie eine Komforttrage ist sie einfach in der Handhabung und bietet den besten Tragekomfort f\u00fcr Dich. Dank auff\u00e4cherbaren Schultertr\u00e4gern verteilt die LIMAS Plus das Gewicht gleichm\u00e4\u00dfig auf Deine H\u00fcfte und Deinen R\u00fccken.<\/p>\n<p>Die Schultertr\u00e4ger der LIMAS Plus Babytrage sind aus doppellagigen Tragetuchstoff gen\u00e4ht. Zwischen diesen beiden Stofflagen befindet sich eine eingen\u00e4hte Tasche, in die ein Schulterpolster \u2013 je nach Vorliebe \u2013 eingesetzt werden kann.<\/p>\n<p>Die Kopfst\u00fctze der LIMAS Plus Babytrage kann mittels Druckkn\u00f6pfen abgenommen und ausgetauscht werden \u2013 so kannst Du das Design Deiner Trage ganz einfach ver\u00e4ndern. Mal bunt, mal neutral &#8211; je nach Laune und Outfit.<\/p>\n","protected":false},"excerpt":{"rendered":"<p>MUTTERLIEBE &#8211; Hold On<br \/>\n100% Baumwolle (kbA)<\/p>\n","protected":false},"featured_media":2941,"template":"","meta":[],"product_brand":[],"product_cat":[97],"product_tag":[],"class_list":{"0":"post-2947","1":"product","2":"type-product","3":"status-publish","4":"has-post-thumbnail","6":"product_cat-unkategorisiert","7":"product_shipping_class-tragetuch","9":"first","10":"instock","11":"featured","12":"sold-individually","13":"taxable","14":"shipping-taxable","15":"purchasable","16":"product-type-simple"},"translation":{"provider":"WPGlobus","version":"3.0.2","language":"en","enabled_languages":["de","en"],"languages":{"de":{"title":true,"content":true,"excerpt":true},"en":{"title":false,"content":false,"excerpt":false}}},"_links":{"self":[{"href":"https:\/\/www.kapualove.com\/en\/wp-json\/wp\/v2\/product\/2947","targetHints":{"allow":["GET"]}}],"collection":[{"href":"https:\/\/www.kapualove.com\/en\/wp-json\/wp\/v2\/product"}],"about":[{"href":"https:\/\/www.kapualove.com\/en\/wp-json\/wp\/v2\/types\/product"}],"wp:featuredmedia":[{"embeddable":true,"href":"https:\/\/www.kapualove.com\/en\/wp-json\/wp\/v2\/media\/2941"}],"wp:attachment":[{"href":"https:\/\/www.kapualove.com\/en\/wp-json\/wp\/v2\/media?parent=2947"}],"wp:term":[{"taxonomy":"product_brand","embeddable":true,"href":"https:\/\/www.kapualove.com\/en\/wp-json\/wp\/v2\/product_brand?post=2947"},{"taxonomy":"product_cat","embeddable":true,"href":"https:\/\/www.kapualove.com\/en\/wp-json\/wp\/v2\/product_cat?post=2947"},{"taxonomy":"product_tag","embeddable":true,"href":"https:\/\/www.kapualove.com\/en\/wp-json\/wp\/v2\/product_tag?post=2947"}],"curies":[{"name":"wp","href":"https:\/\/api.w.org\/{rel}","templated":true}]}}