{"id":2920,"date":"2021-02-20T22:28:50","date_gmt":"2021-02-20T21:28:50","guid":{"rendered":"http:\/\/dev.kapualove.com\/?post_type=product&#038;p=2920"},"modified":"2023-09-14T09:50:47","modified_gmt":"2023-09-14T07:50:47","slug":"limas-flex-mutterliebe-heartbeat","status":"publish","type":"product","link":"https:\/\/www.kapualove.com\/en\/shop\/limas-flex-mutterliebe-heartbeat\/","title":{"rendered":"LIMAS Flex | Heartbeat"},"content":{"rendered":"<p>&#8211; Schnelles Anlegen ohne Binden<br \/>\n&#8211; Ab Gr\u00f6\u00dfe 56\/62 bis 104 (4kg bis 20kg)<br \/>\n&#8211; Vor dem Bauch, auf dem R\u00fccken und ohne H\u00fcftgurt als Onbuhimo tragen<br \/>\n&#8211; W\u00e4chst stufenlos mit in die Breite (24cm &#8211; 45cm) und in die H\u00f6he (32cm &#8211; 41cm)<br \/>\n&#8211; Die Schultertr\u00e4ger k\u00f6nnen am H\u00fcftgurt (f\u00fcr kleine Babys) oder am R\u00fcckenteil (ab Sitzalter) befestigt werden<br \/>\n&#8211; Schultertr\u00e4ger in die L\u00e4nge anpassbar<br \/>\n&#8211; Korrekte Anhock-Spreiz-Haltung<br \/>\n&#8211; Der H\u00fcftgurt kann von 60cm bis 140cm eingestellt werden<br \/>\n&#8211; 100% Baumwolle (kbA)<br \/>\n&#8211; Fl\u00e4chengewicht: 290 g\/m2<\/p>\n<p>Die LIMAS Flex ist unsere Hybrid-Babytrage f\u00fcr ein blitzschnelles Anlegen ohne Binden &#8211; der perfekte Begleiter f\u00fcr Deinen aktiven Alltag oder Urlaub mit Deinem kleinen Entdecker.<\/p>\n<p>Wie bei den unseren anderen Babytragen LIMAS und LIMAS Plus haben wir bei dieser Vollschnallen Trage maximale Funktionalit\u00e4t in einem minimalistischen Design umgesetzt.<\/p>\n<p>So w\u00e4chst sie zusammen mit Deinem Kind ab ca. 2-3 Monate bis 3+ Jahre in L\u00e4nge und Breite mit. Solange sich Dein Baby noch nicht hinsetzen kann, k\u00f6nnen die Schultertr\u00e4ger am unteren Bereich des R\u00fcckenteils befestigt werden, um einen unn\u00f6tigen Zug am R\u00fccken Deines Babys zu vermeiden. Ab 6-8 Monate kannst Du die Tr\u00e4ger in der Mitte des R\u00fcckenteils befestigen. So wird das Gewicht des Babys vorwiegend auf Deine H\u00fcfte abgeleitet.<\/p>\n<p>Der H\u00fcftgurt der LIMAS Flex kann ganz einfach herausgenommen werden. So ist die Trage auch ganz flink als Onbuhimo (R\u00fcckentrage ohne H\u00fcftgurt) einsetzbar. Eine perfekte Option f\u00fcr&#8217;s Tragen in der Schwangerschaft oder f\u00fcr einen Hop-on Hop-off Laufling.<\/p>\n<p>Durch eine stufenlos verstellbare Stegbreite und ein h\u00f6henverstellbares R\u00fcckenteil l\u00e4sst sich die LIMAS Flex immer genau an die individuellen Proportionen Deines Kindes anpassen.<\/p>\n<p>Dein Tragekomfort steht nat\u00fcrlich ebenso im Vordergrund: Ein ergonomisch geformter H\u00fcftgurt und angenehm gepolsterte, anpassbare Schultertr\u00e4ger sorgen f\u00fcr bequemes Tragen vor dem Bauch und auf dem R\u00fccken.<\/p>\n<p>Die Kopfst\u00fctze der LIMAS Flex Babytrage kann mittels Druckkn\u00f6pfen abgenommen und ausgetauscht werden \u2013 so kannst Du das Design Deiner Trage ganz einfach ver\u00e4ndern. Mal bunt, mal neutral &#8211; je nach Laune und Outfit.<\/p>\n","protected":false},"excerpt":{"rendered":"<p>MUTTERLIEBE &#8211; Heartbeat<br \/>\n100% Baumwolle (kbA)<\/p>\n","protected":false},"featured_media":2923,"template":"","meta":[],"product_brand":[],"product_cat":[97],"product_tag":[],"class_list":{"0":"post-2920","1":"product","2":"type-product","3":"status-publish","4":"has-post-thumbnail","6":"product_cat-unkategorisiert","7":"product_shipping_class-tragetuch","9":"first","10":"instock","11":"featured","12":"sold-individually","13":"taxable","14":"shipping-taxable","15":"purchasable","16":"product-type-simple"},"translation":{"provider":"WPGlobus","version":"3.0.2","language":"en","enabled_languages":["de","en"],"languages":{"de":{"title":true,"content":true,"excerpt":true},"en":{"title":false,"content":false,"excerpt":false}}},"_links":{"self":[{"href":"https:\/\/www.kapualove.com\/en\/wp-json\/wp\/v2\/product\/2920","targetHints":{"allow":["GET"]}}],"collection":[{"href":"https:\/\/www.kapualove.com\/en\/wp-json\/wp\/v2\/product"}],"about":[{"href":"https:\/\/www.kapualove.com\/en\/wp-json\/wp\/v2\/types\/product"}],"wp:featuredmedia":[{"embeddable":true,"href":"https:\/\/www.kapualove.com\/en\/wp-json\/wp\/v2\/media\/2923"}],"wp:attachment":[{"href":"https:\/\/www.kapualove.com\/en\/wp-json\/wp\/v2\/media?parent=2920"}],"wp:term":[{"taxonomy":"product_brand","embeddable":true,"href":"https:\/\/www.kapualove.com\/en\/wp-json\/wp\/v2\/product_brand?post=2920"},{"taxonomy":"product_cat","embeddable":true,"href":"https:\/\/www.kapualove.com\/en\/wp-json\/wp\/v2\/product_cat?post=2920"},{"taxonomy":"product_tag","embeddable":true,"href":"https:\/\/www.kapualove.com\/en\/wp-json\/wp\/v2\/product_tag?post=2920"}],"curies":[{"name":"wp","href":"https:\/\/api.w.org\/{rel}","templated":true}]}}